{"id":8149,"date":"2022-05-19T07:00:43","date_gmt":"2022-05-19T07:00:43","guid":{"rendered":"https:\/\/www.planetavital.com\/?page_id=8149"},"modified":"2023-02-17T11:26:59","modified_gmt":"2023-02-17T11:26:59","slug":"clone-of-grado-naturopatia","status":"publish","type":"page","link":"https:\/\/gradonaturopatia.com\/","title":{"rendered":"Grado Naturopatia"},"content":{"rendered":"<p><span><img decoding=\"async\" alt=\"\" data-id=\"6611\" width=\"233\" height=\"103\" title=\"logo-min\" src=\"https:\/\/www.planetavital.com\/wp-content\/uploads\/2020\/10\/logo-min.png\" style=\"\" data-width=\"233\" data-init-width=\"300\" data-init-height=\"103\" loading=\"lazy\"><\/span><\/p>\n<p style=\"text-align: center;\">GRADO DE NATUROPATIA<\/p>\n<p style=\"text-align: center;\">\n<h3 dir=\"ltr\" id=\"tab-con-22\" style=\"text-align: center;\">Cursa en Planeta Vital los <strong>Estudios Superiores de Naturopat\u00eda Integrativa<\/strong>&nbsp;y convi\u00e9rtete en un profesional acreditado en salud natural.<\/h3>\n<p style=\"text-align: center;\">\u00bfQuieres dedicarte a la Naturopat\u00eda?<\/p>\n<h2 dir=\"ltr\" id=\"tab-con-3\" style=\"text-align: center;\">La naturopat\u00eda es una de las 5 profesiones m\u00e1s demandadas actualmente<\/h2>\n<p dir=\"ltr\">El Grado de Naturopat\u00eda de la escuela Planeta Vital te capacita para atender tu consulta como profesional de la salud natural, sabiendo c\u00f3mo tratar a tus pacientes con profesionalidad y eficacia.<\/p>\n<p style=\"text-align: center;\"><strong>Con esta formaci\u00f3n superior, adem\u00e1s de adquirir todos los conocimientos de la medicina natural, aprender\u00e1s a gestionar todos los aspectos de un negocio de naturopat\u00eda para que vivir de \u00e9l sea posible.<\/strong><\/p>\n<p style=\"text-align: left;\">Su formato online convierte este grado en una formaci\u00f3n flexible con la que puedes graduarte en naturopat\u00eda con horarios 100% flexibles y sin costosos traslados, estudiando herramientas actuales y probadas, como la PNL para terapeutas, de gran valor y \u00fanica en nuestro sector.<\/p>\n<h3 id=\"tab-con-23\" style=\"text-align: center;\">1300 Horas Lectivas<\/h3>\n<h3 id=\"tab-con-1\" style=\"text-align: center;\">On line.&nbsp;Sin horarios<\/h3>\n<h3 id=\"tab-con-2\" style=\"text-align: center;\">Asesoramiento personalizado<\/h3>\n<p style=\"text-align: center;\">Este curso est\u00e1 dirigido a todas aquellas personas que quieran formarse como profesionales de la Naturopat\u00eda Integrativa, con vistas a tener su propia consulta o centro de terapias, tanto como a trabajar en herbolarios, spas, hoteles, gimnasios, etc.<\/p>\n<p style=\"text-align: center;\">En este curso se estudiar\u00e1n todas las \u00e1reas necesarias para diagnosticar y tratar con los principios de la Naturopat\u00eda y ayudar a restablecer el equilibrio necesario para el buen estado de salud.<\/p>\n<h2 id=\"tab-con-4\" style=\"text-align: left;\">Qu\u00e9 obtienes con esta formaci\u00f3n:<\/h2>\n<ul>\n<li dir=\"ltr\">Conocimientos actuales y completos necesarios para tu trabajo como natur\u00f3pata. Olv\u00eddate de cursos obsoletos, que no tienen en cuenta los \u00faltimos avances.<\/li>\n<li dir=\"ltr\">Herramientas para atender tu consulta desde el primer momento. Porque este curso est\u00e1 estructurado de una forma muy pr\u00e1ctica y podr\u00e1s aplicar el conocimiento desde el principio.<\/li>\n<li dir=\"ltr\">Asesoramiento para tratar a tu cliente con profesionalidad y eficacia. Porque lo que distingue y destaca a un profesional es la calidad de sus procesos de trabajo.&nbsp;<\/li>\n<li dir=\"ltr\">Detr\u00e1s de cada m\u00f3dulo estar\u00e1 tu tutor, respondiendo tus dudas, durante todo el tiempo que dure la formaci\u00f3n.<\/li>\n<li dir=\"ltr\">Consejos pr\u00e1cticos para comenzar tu andadura como natur\u00f3pata. No todo es el conocimiento de lo natural, sino tambi\u00e9n saber poner en marcha un negocio y profesi\u00f3n con estas caracter\u00edsticas.&nbsp;<\/li>\n<\/ul>\n<p style=\"text-align: center;\"><strong>Nuestro objetivo es que puedas ser un gran profesional de la salud natural. Para ello, te daremos la formaci\u00f3n necesaria para que puedas certificarte, con informaci\u00f3n actualizada y todas las herramientas efectivas para tus clientes<\/strong><\/p>\n<p style=\"text-align: center;\">\n<h2 id=\"tab-con-5\" style=\"text-align: center;\">Salidas profesionales&nbsp;<\/h2>\n<p>Los Estudios Superiores de Naturopatia Integrativa de Planeta Vital te capacitan y certifican para ejercer como profesional de la salud natural<\/p>\n<h3 id=\"tab-con-6\" style=\"text-align: center;\">Tu propia consulta<\/h3>\n<p style=\"text-align: center;\">Podr\u00e1 tener tu propia consulta de naturopat\u00eda<\/p>\n<h3 id=\"tab-con-7\" style=\"text-align: center;\">Centros de Salud Natural<\/h3>\n<p style=\"text-align: center;\">Podr\u00e1s complementar tu profesi\u00f3n si eres nutricionista, terap\u00e9uta&#8230;<\/p>\n<h3 id=\"tab-con-8\" style=\"text-align: center;\">Herbolarios, parafarmacias<\/h3>\n<p style=\"text-align: center;\">Tendr\u00e1s la preparaci\u00f3n necesaria para tener tu propio herbolario.<\/p>\n<p>Metodolog\u00eda<\/p>\n<ul>\n<li>                    <span style=\"\">El grado se realiza de manera Online: lo \u00fanico que necesita es un ordenador o tablet y una conexi\u00f3n a internet para realizarla. Con los horarios que t\u00fa elijas y sin desplazamientos.<\/span><\/li>\n<li>                    <span style=\"\">En cada m\u00f3dulo encontrar\u00e1 pruebas finales con las que podr\u00e1 validar sus conocimientos y afianzar lo aprendido.&nbsp;Adem\u00e1s, cuentas con el apoyo de un tutor para ayudarte y orientarte durante todo el grado.<\/span><\/li>\n<\/ul>\n<p>Este programa consta de <strong>3 cursos<\/strong> m\u00e1s uno opcional para hacer a\u00fan m\u00e1s completa tu formaci\u00f3n.<\/p>\n<\/p>\n<p>Hay tres formas de completar el grado:<\/p>\n<ul>\n<li><span>Completando cada uno de los 3 cursos.<\/span><\/li>\n<li><span>Puedes comenzar haciendo el curso superior de <strong>T\u00e9cnico en Naturopat\u00eda y <\/strong> <strong>Herbodiet\u00e9tica<\/strong>  &nbsp;y luego seguir con lo que te quede del grado hasta completarlo<\/span><\/li>\n<li><span>Puedes cursar&nbsp;  <strong>monogr\u00e1ficos<\/strong> (asignaturas) sueltos y hacerlo completamente a tu medida<\/span><\/li>\n<\/ul>\n<h2 dir=\"ltr\" id=\"tab-con-14\">Requisitos y matriculaci\u00f3n<\/h2>\n<p dir=\"ltr\">\n<p dir=\"ltr\">El grado Superior de Naturopat\u00eda est\u00e1 dirigido a todas aquellas personas que quieren desarrollarse como profesionales de la medicina natural.<\/p>\n<p dir=\"ltr\">Para acceder al grado, no es necesario tener conocimientos previos.&nbsp;<\/p>\n<p dir=\"ltr\">Puedes formalizar la matr\u00edcula del grado al completo (3 a\u00f1os), o hacerlo a tu medida escogiendo las asignaturas que te interesen en este momento.&nbsp;<\/p>\n<p dir=\"ltr\">Tendr\u00e1s acceso a los contenidos de inmediato, en cuanto curses tu matr\u00edcula.&nbsp;<\/p>\n<h2 dir=\"ltr\" id=\"tab-con-15\">\u00bfPor qu\u00e9 estudiar el Grado de Naturopat\u00eda en la escuela Planeta Vital?&nbsp;<\/h2>\n<ul>\n<li style=\"\"><span style=\"\">M\u00e1s de 10 a\u00f1os formando profesionales de la medicina natural.<\/span><\/li>\n<li style=\"\"><span style=\"\">M\u00e1s de 300 alumnos graduados en nuestras formaciones.<\/span><\/li>\n<li style=\"\"><span style=\"\">Alumnos de m\u00e1s de 10 pa\u00edses distintos<\/span><\/li>\n<li style=\"\"><span style=\"\">M\u00e1s de 15 disciplinas para una formaci\u00f3n completa.<\/span><\/li>\n<\/ul>\n<p><strong>\u201c<\/strong><\/p>\n<h3 id=\"tab-con-16\">Esto dicen nuestros alumnos<\/h3>\n<p><span><img loading=\"lazy\" decoding=\"async\" alt=\"\" title=\"planeta vital\" data-id=\"2074\" src=\"https:\/\/www.planetavital.com\/wp-content\/uploads\/2016\/05\/maria.jpg\" width=\"189\" height=\"196\"><\/span><\/p>\n<p><strong><span style=\"font-family: Neuton; font-weight: 300; font-size: 20px;\">Eva Saco &#8211; Alumna Naturopat\u00eda<\/span><\/strong><\/p>\n<p style=\"\"><em>Expresas una seguridad total en lo que compartes,quien este a tu lado&#8230;r\u00e1pidamente puede darse cuenta de que tu experiencia y tu estudio continuo, han hecho de ti una persona segura de si misma y de lo que compartes,logrando as\u00ed un gran enganche para quien te escuche.<\/em><\/p>\n<p><strong><span style=\"font-family: Neuton; font-weight: 300; font-size: 20px;\">Anna Costa &#8211; Alumna Naturopat\u00eda<\/span><\/strong><\/p>\n<p style=\"\">El programa ofrecido por Planeta Vital es muy completo y actualizado. El material bien organizado y f\u00e1cil de usar. Adem\u00e1s ofrece la ayuda extra de una vez terminados los estudios, indicar unas directrices de c\u00f3mo empezar a dar salida a los conocimientos adquiridos. Estoy muy contenta con esta escuela. Gracias por todo.<\/p>\n<p><span><img loading=\"lazy\" decoding=\"async\" alt=\"\" title=\"mar\u00eda\" data-id=\"2082\" src=\"https:\/\/www.planetavital.com\/wp-content\/uploads\/2016\/05\/maria-1.jpg\" width=\"449\" height=\"449\"><\/span><\/p>\n<p><strong><span style=\"font-family: Neuton; font-weight: 300; font-size: 20px;\">Mar\u00eda P\u00e9rez &#8211; Alumna Naturopat\u00eda<\/span><\/strong><\/p>\n<p style=\"\"><em>En un momento de mi vida donde descubr\u00ed la Medicina Natural, el destino te puso delante de mi para ense\u00f1arme muchas cosas.&nbsp;<\/em><\/p>\n<p style=\"\"><em>Te has convertido en una persona con la que se puede contar y en la que se puede confiar. Agradezco tu comprensi\u00f3n y paciencia. Es un privilegio tener a Victoria como profesora.<\/em><\/p>\n<h2 dir=\"ltr\" style=\"text-align: center;\"><\/h2>\n<h2 dir=\"ltr\" id=\"tab-con-20\" style=\"text-align: center;\">Solicita el dossier completo con toda la informaci\u00f3n detallada del programa, asignaturas y precios.<\/h2>\n<p dir=\"ltr\">\n<h2 dir=\"ltr\" id=\"tab-con-19\">MATRIC\u00daLATE EN EL GRADO DE NATUROPAT\u00cdA&nbsp;<\/h2>\n<p dir=\"ltr\">Con tu matr\u00edcula, accede a:<\/p>\n<ul>\n<li dir=\"ltr\">Material te\u00f3rico con m\u00e1s de 50 lecciones sobre medicina natural.<\/li>\n<li dir=\"ltr\">M\u00f3dulos espec\u00edficos con orientaci\u00f3n pr\u00e1ctica para establecer tu consulta.<\/li>\n<li dir=\"ltr\">10 sesiones individuales con la directora de la escuela Victoria P\u00e9rez para resolver todas tus dudas.<\/li>\n<li dir=\"ltr\">Pruebas de evaluaci\u00f3n para validar tus estudios.<\/li>\n<li dir=\"ltr\">Acompa\u00f1amiento continuo de un tutor personal durante 4 a\u00f1os.&nbsp;<\/li>\n<li dir=\"ltr\">Horarios totalmente flexibles, comienza cuando quieras y sigue los estudios a tu ritmo. Nos adaptamos a ti.<\/li>\n<li dir=\"ltr\">Tendr\u00e1s al finalizar una sesi\u00f3n personal e individual para asesorarte en el inicio de tu carrera<\/li>\n<\/ul>\n<p style=\"text-align: center;\">Para inscribirte solo tienes que realizar el pago y te contactaremos personalmente para iniciar tu integraci\u00f3n en el programa.<\/p>\n<h2 dir=\"ltr\">Las dudas m\u00e1s frecuentes:<\/h2>\n<h3>\u00bfDe cu\u00e1nto tiempo dispongo para completar el curso?<\/h3>\n<p>Respetar tus tiempos y tus l\u00edmites es algo importante para nosotros, por eso, tendr\u00e1s la plataforma disponible por 7 a\u00f1os, tiempo m\u00e1s que suficiente para completar tus estudios<\/p>\n<h3 style=\"\">\u00bfCuando comienza el curso?<\/h3>\n<p>Con la Escuela Planeta Vital, puedes comenzar todos nuestros cursos cuando desees, est\u00e1n siempre disponibles para t\u00ed. Somos nosotros quienes nos adaptamos a tus tiempos<\/p>\n<h3>\u00bfC\u00f3mo son los ex\u00e1menes?<\/h3>\n<p>Con cada asignatura, tendr\u00e1s ejercicios te\u00f3rico-pr\u00e1cticos que deber\u00e1s enviar y un tutor los corregir\u00e1. Todo este proceso se hace v\u00eda mail.<\/p>\n<h3>\u00bfQu\u00e9 validez tiene el t\u00edtulo?<\/h3>\n<p>En Espa\u00f1a, los estudios de Naturopat\u00eda no est\u00e1n reglados, por lo que todos los t\u00edtulos que puedas encontrar son de car\u00e1cter privado. Debes buscar la Escuela que mejor te prepare para ser un buen profesional<\/p>\n<h3>\u00bfQu\u00e9 formas de pago hay?<\/h3>\n<p>Puedes pagar el curso completo realizando la matr\u00edcula aqu\u00ed en la web a trav\u00e9s de tu tarjeta bancaria o tambi\u00e9n tienes la posibilidad de realizar el pago a plazos (para m\u00e1s informaci\u00f3n consultar en info@planetavital.com).<\/p>\n<p>El pago del curso completo tambi\u00e9n puede realizarse por transferencia.<\/p>\n<h3>\u00bfQu\u00e9 material tengo?<\/h3>\n<p>En la plataforma tendr\u00e1s todo el material que cada asignatura necesita para su preparaci\u00f3n, adem\u00e1s podr\u00e1s descargar los apuntes en formato pdf para estudiarlos cuando quieras.<\/p>\n<h3>\u00bfC\u00f3mo s\u00e9 qu\u00e9 curso elegir?<\/h3>\n<p dir=\"ltr\">En Planeta Vital, puedes encontrar dos opciones para estudiar Naturopat\u00eda:<\/p>\n<ul>\n<li dir=\"ltr\">El Grado, que es una formaci\u00f3n completa, para quienes est\u00e1n seguros de que esta buena profesi\u00f3n es su futuro, o quieren una preparaci\u00f3n y conocimiento extenso.<\/li>\n<li dir=\"ltr\">El Curso T\u00e9cnico en Naturopat\u00eda y Herbodiet\u00e9tica, para quienes se sintieron atra\u00eddos por la Medicina Natural, para comenzar a conocer las t\u00e9cnicas b\u00e1sicas. Y tambi\u00e9n si quieres abrir tu propio herbolario o trabajar en uno, y no sabes si quieres estudiar el Grado completo.&nbsp;Con este curso tienes lo necesario para atender al p\u00fablico normal de estos establecimientos.<\/li>\n<\/ul>\n<p dir=\"ltr\">El curso T\u00e9cnico te permite luego seguir con el Grado, convalidando el contenido ya visto y descontando su precio.<\/p>\n<p><a href=\"#\"><span><span>Instancia 1<\/span><\/span><\/a><\/p>\n<h5 style=\"\">UN SOLO PAGO<\/h5>\n<p>&nbsp;<\/p>\n<p style=\"\"><span style=\"text-decoration: line-through;\">1.900 \u20ac\/ Curso<\/span><\/p>\n<p style=\"\">1750 \u20ac \/ Curso&nbsp;&nbsp;<\/p>\n<p style=\"\"><span style=\"text-decoration: line-through;\"><\/span> &nbsp;&nbsp;<\/p>\n<ul>\n<li style=\"\"><span style=\"\"><strong><\/strong><strong><\/strong>Matric\u00falate en cualquier momento del a\u00f1o<\/span><\/li>\n<li style=\"\"><span style=\"\">Acceso inmediato a todo el contenido.<\/span><\/li>\n<\/ul>\n<h5 style=\"\">pago a plazoS<\/h5>\n<p>&nbsp;<\/p>\n<p style=\"\">150\u20ac \/mes<\/p>\n<ul>\n<li style=\"\"><span>Paga los 3 cursos en 36 cuotas.<\/span><\/li>\n<li style=\"\"><span>Matric\u00falate en cualquier momento del a\u00f1o.<\/span><\/li>\n<\/ul>\n<h2 dir=\"ltr\" id=\"tab-con-17\" style=\"text-align: center;\">Si a\u00fan tienes dudas o quieres que te ayudemos a decidir, puedes solicitar una sesi\u00f3n de valoraci\u00f3n gratuita<\/h2>\n<p>\u00bfSabes que en Planeta Vital todos tus datos son 100% confidenciales? Te informo que los datos de car\u00e1cter personal (email, nombre y otros datos que a\u00f1adas) que me proporciones rellenando este formulario ser\u00e1n tratados por m\u00ed, M\u00aa Victoria P\u00e9rez Mayal, como responsable de esta web, con cuidado y responsabilidad. La finalidad de la recogida y tratamiento de los datos personales que te solicito es para gestionar el alta a esta suscripci\u00f3n y enviarte mis publicaciones, promociones de productos y\/o servicios y recursos exclusivos. El hecho de que no introduzcas los datos que aparecen en el formulario har\u00e1 que no puedas suscribirte a Planeta Vital ni recibir el recurso gratuito que ofrezco. Para tu informaci\u00f3n que los datos que me facilitan estar\u00e1n ubicados en los servidores de Active Campaign (proveedor de email marketing de Planeta Vital) fuera de la UE en EEUU y acogido al acuerdo EU-US Privacy Shield, aprobado por el Comit\u00e9 Europeo de Protecci\u00f3n de Datos y bienes tranquilo porque podr\u00e1 ejercer sus derechos de acceso, rectificaci\u00f3n, limitaci\u00f3n y eliminaci\u00f3n de los datos que me ha dado en info@planetavital.com. Puedes consultar la&nbsp;<a href=\"https:\/\/www.planetavital.com\/politica-de-privacidad\/\" style=\"outline: none;\" target=\"_blank\" rel=\"noopener\">informaci\u00f3n adicional y detallada sobre Protecci\u00f3n de Datos&nbsp;<\/a> en mi p\u00e1gina web.<\/p>\n<h2 dir=\"ltr\" id=\"tab-con-18\">Victoria P\u00e9rez, directora de la escuela Planeta Vital<\/h2>\n<p><span><img loading=\"lazy\" decoding=\"async\" alt=\"victoria perez\" data-id=\"1754\" width=\"1655\" height=\"1565\" title=\"Planeta Vital\" src=\"https:\/\/www.planetavital.com\/wp-content\/uploads\/2016\/04\/Marzo-2016.jpg\"><\/span><\/p>\n<p dir=\"ltr\">Soy Victoria P\u00e9rez, fundadora y directora de la escuela Planeta Vital especialista en formar a nuevos profesionales de las terapias naturales ya le ofrecieron la ayuda necesaria para comenzar su andadura como terapeutas.<\/p>\n<p dir=\"ltr\">Durante mi carrera me form\u00e9 en Direcci\u00f3n Comercial, Recursos Humanos, en Naturopat\u00eda, Medicina China, Coaching y Desarrollo Personal.<\/p>\n<p dir=\"ltr\">En 2008 fund\u00e9 la escuela Planeta Vital, fruto de mi profundo proceso formativo en el \u00e1mbito de las terapias naturales y de mi amor por la profesi\u00f3n.<\/p>\n<p dir=\"ltr\">Tras acompa\u00f1ar a terapeutas de todo el mundo a ampliar sus conocimientos en terapias naturales y gesti\u00f3n de sus negocios de terapias, he created el Grado de Naturopat\u00eda para poner todo mi conocimiento a disposici\u00f3n de aquellas personas que busquen formarse como natur\u00f3patas de una forma c\u00f3moda, flexible y actualizado.<\/p>\n<p style=\"text-align: center;\"><strong>(c) 2014-2023 Planeta Vital<\/strong><\/p>\n","protected":false},"excerpt":{"rendered":"<p>GRADO DE NATUROPATIA Cursa en Planeta Vital los Estudios Superiores de Naturopat\u00eda Integrativa&nbsp;y convi\u00e9rtete en un profesional acreditado en salud natural. \u00bfQuieres dedicarte a la Naturopat\u00eda? La naturopat\u00eda es una de las 5 profesiones m\u00e1s demandadas actualmente El Grado de Naturopat\u00eda de la escuela Planeta Vital te capacita para atender tu consulta como profesional de [&hellip;]<\/p>\n","protected":false},"author":5,"featured_media":0,"parent":0,"menu_order":0,"comment_status":"closed","ping_status":"closed","template":"","meta":{"footnotes":""},"class_list":["post-8149","page","type-page","status-publish","hentry","post-wrapper","thrv_wrapper"],"jetpack_sharing_enabled":true,"_links":{"self":[{"href":"https:\/\/gradonaturopatia.com\/index.php\/wp-json\/wp\/v2\/pages\/8149","targetHints":{"allow":["GET"]}}],"collection":[{"href":"https:\/\/gradonaturopatia.com\/index.php\/wp-json\/wp\/v2\/pages"}],"about":[{"href":"https:\/\/gradonaturopatia.com\/index.php\/wp-json\/wp\/v2\/types\/page"}],"author":[{"embeddable":true,"href":"https:\/\/gradonaturopatia.com\/index.php\/wp-json\/wp\/v2\/users\/5"}],"replies":[{"embeddable":true,"href":"https:\/\/gradonaturopatia.com\/index.php\/wp-json\/wp\/v2\/comments?post=8149"}],"version-history":[{"count":17,"href":"https:\/\/gradonaturopatia.com\/index.php\/wp-json\/wp\/v2\/pages\/8149\/revisions"}],"predecessor-version":[{"id":8652,"href":"https:\/\/gradonaturopatia.com\/index.php\/wp-json\/wp\/v2\/pages\/8149\/revisions\/8652"}],"wp:attachment":[{"href":"https:\/\/gradonaturopatia.com\/index.php\/wp-json\/wp\/v2\/media?parent=8149"}],"curies":[{"name":"wp","href":"https:\/\/api.w.org\/{rel}","templated":true}]}}