{"id":8644,"date":"2023-02-11T10:56:11","date_gmt":"2023-02-11T10:56:11","guid":{"rendered":"https:\/\/gradonaturopatia.com\/?post_type=product&#038;p=8644"},"modified":"2023-02-22T16:44:31","modified_gmt":"2023-02-22T16:44:31","slug":"grado-naturopatia","status":"publish","type":"product","link":"https:\/\/gradonaturopatia.com\/index.php\/producto\/grado-naturopatia\/","title":{"rendered":"Grado Naturopatia"},"content":{"rendered":"<h3 id=\"tab-con-22\" class=\"tve-droppable\">Cursa en Planeta Vital los\u00a0<strong>Estudios Superiores de Naturopat\u00eda Integrativa<\/strong>\u00a0y convi\u00e9rtete en un profesional acreditado en medicina natural.<\/h3>\n<h2 id=\"tab-con-3\" class=\"tve-droppable\" style=\"text-align: center;\">La naturopat\u00eda es una de las 5 profesiones m\u00e1s demandadas actualmente<\/h2>\n<p>El Grado de Naturopat\u00eda de la escuela Planeta Vital te capacita para atender tu consulta como profesional de la medicina natural, sabiendo c\u00f3mo tratar a tus pacientes con profesionalidad y eficacia.<\/p>\n<p><strong>Con esta formaci\u00f3n superior, adem\u00e1s de adquirir todos los conocimientos de la medicina natural, aprender\u00e1s a gestionar todos los aspectos de un negocio de naturopat\u00eda para que vivir de \u00e9l sea posible.<\/strong><\/p>\n<p>Su formato online convierte este grado en una formaci\u00f3n flexible con la que puedes graduarte en naturopat\u00eda con horarios 100% flexibles y sin costosos traslados, estudiando herramientas actuales y probadas, como la PNL para terapeutas, de gran valor y \u00fanica en nuestro sector.<\/p>\n<p>&nbsp;<\/p>\n<p>&nbsp;<\/p>\n","protected":false},"excerpt":{"rendered":"<h3 id=\"tab-con-22\" class=\"tve-droppable\">Cursa en Planeta Vital los\u00a0<strong>Estudios Superiores de Naturopat\u00eda Integrativa<\/strong>\u00a0y convi\u00e9rtete en un profesional acreditado en medicina natural.<\/h3>\n<p>&nbsp;<\/p>\n<p>&nbsp;<\/p>\n<p>&nbsp;<\/p>\n<p>&nbsp;<\/p>\n","protected":false},"featured_media":8416,"comment_status":"open","ping_status":"closed","template":"","meta":[],"product_brand":[],"product_cat":[23],"product_tag":[],"class_list":{"0":"post-8644","1":"product","2":"type-product","3":"status-publish","4":"has-post-thumbnail","6":"product_cat-sin-categorizar","7":"post-wrapper","8":"thrv_wrapper","10":"first","11":"instock","12":"sale","13":"shipping-taxable","14":"purchasable","15":"product-type-simple"},"jetpack_sharing_enabled":true,"_links":{"self":[{"href":"https:\/\/gradonaturopatia.com\/index.php\/wp-json\/wp\/v2\/product\/8644","targetHints":{"allow":["GET"]}}],"collection":[{"href":"https:\/\/gradonaturopatia.com\/index.php\/wp-json\/wp\/v2\/product"}],"about":[{"href":"https:\/\/gradonaturopatia.com\/index.php\/wp-json\/wp\/v2\/types\/product"}],"replies":[{"embeddable":true,"href":"https:\/\/gradonaturopatia.com\/index.php\/wp-json\/wp\/v2\/comments?post=8644"}],"wp:featuredmedia":[{"embeddable":true,"href":"https:\/\/gradonaturopatia.com\/index.php\/wp-json\/wp\/v2\/media\/8416"}],"wp:attachment":[{"href":"https:\/\/gradonaturopatia.com\/index.php\/wp-json\/wp\/v2\/media?parent=8644"}],"wp:term":[{"taxonomy":"product_brand","embeddable":true,"href":"https:\/\/gradonaturopatia.com\/index.php\/wp-json\/wp\/v2\/product_brand?post=8644"},{"taxonomy":"product_cat","embeddable":true,"href":"https:\/\/gradonaturopatia.com\/index.php\/wp-json\/wp\/v2\/product_cat?post=8644"},{"taxonomy":"product_tag","embeddable":true,"href":"https:\/\/gradonaturopatia.com\/index.php\/wp-json\/wp\/v2\/product_tag?post=8644"}],"curies":[{"name":"wp","href":"https:\/\/api.w.org\/{rel}","templated":true}]}}